{"id":640,"date":"2015-07-24T14:41:17","date_gmt":"2015-07-24T12:41:17","guid":{"rendered":"http:\/\/anjale.fr\/book\/?page_id=640"},"modified":"2022-11-04T17:22:36","modified_gmt":"2022-11-04T16:22:36","slug":"graphisme","status":"publish","type":"page","link":"https:\/\/anjale.fr\/book\/?page_id=640","title":{"rendered":"Le Nombril"},"content":{"rendered":"\n<h4 class=\"wp-block-heading\">Le Nombril<\/h4>\n\n\n\n<div style=\"height:20px\" aria-hidden=\"true\" class=\"wp-block-spacer\"><\/div>\n\n\n\n<div class=\"wp-block-group\"><div class=\"wp-block-group__inner-container is-layout-flow wp-block-group-is-layout-flow\">\n<div class=\"wp-block-columns is-layout-flex wp-container-core-columns-is-layout-1 wp-block-columns-is-layout-flex\">\n<div class=\"wp-block-column is-layout-flow wp-block-column-is-layout-flow\" style=\"flex-basis:100%\">\n<div class=\"wp-block-media-text alignwide is-stacked-on-mobile\" style=\"grid-template-columns:30% auto\"><figure class=\"wp-block-media-text__media\"><img loading=\"lazy\" decoding=\"async\" width=\"750\" height=\"984\" src=\"https:\/\/anjale.fr\/book\/wp-content\/uploads\/2022\/02\/Le-nombril-couvsite.jpg\" alt=\"\" class=\"wp-image-1526 size-full\" srcset=\"https:\/\/anjale.fr\/book\/wp-content\/uploads\/2022\/02\/Le-nombril-couvsite.jpg 750w, https:\/\/anjale.fr\/book\/wp-content\/uploads\/2022\/02\/Le-nombril-couvsite-229x300.jpg 229w\" sizes=\"(max-width: 750px) 100vw, 750px\" \/><\/figure><div class=\"wp-block-media-text__content\">\n<p class=\"has-normal-font-size\">Sc\u00e9nario Swann Meralli<br>Editions Beurre Sal\u00e9<br>Collection Beurre D\u00e9ssin\u00e9<\/p>\n\n\n\n<p class=\"has-normal-font-size\">L\u00e9on affirme ne pas avoir de nombril. Cette nouvelle \u00e9tonnante alimente les d\u00e9bats dans la cour de r\u00e9cr\u00e9 avec des prolongements inattendus et anim\u00e9s ! <br>Un sc\u00e9nario plein d&rsquo;humour pour \u00e9changer au sujet de cette partie intrigante du corps, qui s&rsquo;ouvre sur le myst\u00e8re de la \u00ab fabrication \u00bb des b\u00e9b\u00e9s puis \u00e9largit la discussion aux diverses constellations familiales<\/p>\n\n\n\n<p class=\"has-normal-font-size\">40 pages<br>De 6 \u00e0 9 ans<br><br>Parution : 20 mars 2022<br>ISBN : 979-10-96787-23-4<\/p>\n<\/div><\/div>\n\n\n\n<p><\/p>\n<\/div>\n<\/div>\n<\/div><\/div>\n\n\n\n<figure class=\"wp-block-gallery columns-3 is-cropped wp-block-gallery-1 is-layout-flex wp-block-gallery-is-layout-flex\"><ul class=\"blocks-gallery-grid\"><li class=\"blocks-gallery-item\"><figure><a href=\"https:\/\/anjale.fr\/book\/wp-content\/uploads\/2022\/11\/Nombril-2.jpg\"><img loading=\"lazy\" decoding=\"async\" width=\"300\" height=\"192\" src=\"https:\/\/anjale.fr\/book\/wp-content\/uploads\/2022\/11\/Nombril-2-300x192.jpg\" alt=\"\" data-id=\"1619\" data-full-url=\"https:\/\/anjale.fr\/book\/wp-content\/uploads\/2022\/11\/Nombril-2.jpg\" data-link=\"https:\/\/anjale.fr\/book\/?attachment_id=1619#main\" class=\"wp-image-1619\" srcset=\"https:\/\/anjale.fr\/book\/wp-content\/uploads\/2022\/11\/Nombril-2-300x192.jpg 300w, https:\/\/anjale.fr\/book\/wp-content\/uploads\/2022\/11\/Nombril-2-1024x656.jpg 1024w, https:\/\/anjale.fr\/book\/wp-content\/uploads\/2022\/11\/Nombril-2-768x492.jpg 768w, https:\/\/anjale.fr\/book\/wp-content\/uploads\/2022\/11\/Nombril-2.jpg 1535w\" sizes=\"(max-width: 300px) 100vw, 300px\" \/><\/a><\/figure><\/li><li class=\"blocks-gallery-item\"><figure><a href=\"https:\/\/anjale.fr\/book\/wp-content\/uploads\/2022\/11\/Nombril2-1.jpg\"><img loading=\"lazy\" decoding=\"async\" width=\"234\" height=\"300\" src=\"https:\/\/anjale.fr\/book\/wp-content\/uploads\/2022\/11\/Nombril2-1-234x300.jpg\" alt=\"\" data-id=\"1621\" data-full-url=\"https:\/\/anjale.fr\/book\/wp-content\/uploads\/2022\/11\/Nombril2-1.jpg\" data-link=\"https:\/\/anjale.fr\/book\/?attachment_id=1621#main\" class=\"wp-image-1621\" srcset=\"https:\/\/anjale.fr\/book\/wp-content\/uploads\/2022\/11\/Nombril2-1-234x300.jpg 234w, https:\/\/anjale.fr\/book\/wp-content\/uploads\/2022\/11\/Nombril2-1.jpg 768w\" sizes=\"(max-width: 234px) 100vw, 234px\" \/><\/a><\/figure><\/li><li class=\"blocks-gallery-item\"><figure><a href=\"https:\/\/anjale.fr\/book\/wp-content\/uploads\/2022\/11\/Nombril1-1.jpg\"><img loading=\"lazy\" decoding=\"async\" width=\"235\" height=\"300\" src=\"https:\/\/anjale.fr\/book\/wp-content\/uploads\/2022\/11\/Nombril1-1-235x300.jpg\" alt=\"\" data-id=\"1620\" data-full-url=\"https:\/\/anjale.fr\/book\/wp-content\/uploads\/2022\/11\/Nombril1-1.jpg\" data-link=\"https:\/\/anjale.fr\/book\/?attachment_id=1620#main\" class=\"wp-image-1620\" srcset=\"https:\/\/anjale.fr\/book\/wp-content\/uploads\/2022\/11\/Nombril1-1-235x300.jpg 235w, https:\/\/anjale.fr\/book\/wp-content\/uploads\/2022\/11\/Nombril1-1.jpg 768w\" sizes=\"(max-width: 235px) 100vw, 235px\" \/><\/a><\/figure><\/li><\/ul><\/figure>\n","protected":false},"excerpt":{"rendered":"<p>Le Nombril Sc\u00e9nario Swann MeralliEditions Beurre Sal\u00e9Collection Beurre D\u00e9ssin\u00e9 L\u00e9on affirme ne pas avoir de nombril. Cette nouvelle \u00e9tonnante alimente les d\u00e9bats dans la cour de r\u00e9cr\u00e9 avec des prolongements inattendus et anim\u00e9s ! Un sc\u00e9nario plein d&rsquo;humour pour \u00e9changer au sujet de cette partie intrigante du corps, qui s&rsquo;ouvre sur le myst\u00e8re de la [&hellip;]<\/p>\n","protected":false},"author":1,"featured_media":0,"parent":0,"menu_order":0,"comment_status":"closed","ping_status":"open","template":"","meta":{"footnotes":""},"class_list":["post-640","page","type-page","status-publish","hentry"],"_links":{"self":[{"href":"https:\/\/anjale.fr\/book\/index.php?rest_route=\/wp\/v2\/pages\/640"}],"collection":[{"href":"https:\/\/anjale.fr\/book\/index.php?rest_route=\/wp\/v2\/pages"}],"about":[{"href":"https:\/\/anjale.fr\/book\/index.php?rest_route=\/wp\/v2\/types\/page"}],"author":[{"embeddable":true,"href":"https:\/\/anjale.fr\/book\/index.php?rest_route=\/wp\/v2\/users\/1"}],"replies":[{"embeddable":true,"href":"https:\/\/anjale.fr\/book\/index.php?rest_route=%2Fwp%2Fv2%2Fcomments&post=640"}],"version-history":[{"count":24,"href":"https:\/\/anjale.fr\/book\/index.php?rest_route=\/wp\/v2\/pages\/640\/revisions"}],"predecessor-version":[{"id":1667,"href":"https:\/\/anjale.fr\/book\/index.php?rest_route=\/wp\/v2\/pages\/640\/revisions\/1667"}],"wp:attachment":[{"href":"https:\/\/anjale.fr\/book\/index.php?rest_route=%2Fwp%2Fv2%2Fmedia&parent=640"}],"curies":[{"name":"wp","href":"https:\/\/api.w.org\/{rel}","templated":true}]}}