{"id":23,"date":"2013-01-31T17:05:02","date_gmt":"2013-01-31T16:05:02","guid":{"rendered":"http:\/\/anjale.fr\/book\/?page_id=23"},"modified":"2026-02-26T13:52:04","modified_gmt":"2026-02-26T12:52:04","slug":"apropos","status":"publish","type":"page","link":"https:\/\/anjale.fr\/book\/?page_id=23","title":{"rendered":"\u00c0 propos"},"content":{"rendered":"\n<div class=\"wp-block-group\"><div class=\"wp-block-group__inner-container is-layout-flow wp-block-group-is-layout-flow\">\n<div class=\"wp-block-group\"><div class=\"wp-block-group__inner-container is-layout-flow wp-block-group-is-layout-flow\">\n<h5 class=\"wp-block-heading\">\u00c0 PROPOS<\/h5>\n\n\n\n<div style=\"height:40px\" aria-hidden=\"true\" class=\"wp-block-spacer\"><\/div>\n\n\n\n<figure class=\"wp-block-gallery alignleft has-nested-images columns-default is-cropped wp-block-gallery-1 is-layout-flex wp-block-gallery-is-layout-flex\">\n<figure class=\"wp-block-image size-medium\"><img loading=\"lazy\" decoding=\"async\" width=\"200\" height=\"300\" src=\"https:\/\/anjale.fr\/book\/wp-content\/uploads\/2024\/12\/Anjale-ncc-Chloe-Vollmer-Lo-200x300.jpg\" alt=\"\" class=\"wp-image-1967\" srcset=\"https:\/\/anjale.fr\/book\/wp-content\/uploads\/2024\/12\/Anjale-ncc-Chloe-Vollmer-Lo-200x300.jpg 200w, https:\/\/anjale.fr\/book\/wp-content\/uploads\/2024\/12\/Anjale-ncc-Chloe-Vollmer-Lo.jpg 683w\" sizes=\"(max-width: 200px) 100vw, 200px\" \/><figcaption class=\"wp-element-caption\">sdr<\/figcaption><\/figure>\n<\/figure>\n\n\n\n<p>Je suis n\u00e9e et j&rsquo;ai grandi \u00e0 L\u2019\u00eele de la R\u00e9union. <br>Je me suis install\u00e9e \u00e0 Lyon en 2009 pour me former \u00e0 l\u2019\u00c9cole \u00c9mile Cohl. <br>En parall\u00e8le de mes albums et projets BD, j&rsquo;anime r\u00e9guli\u00e8rement des ateliers de Bande Dessin\u00e9e aupr\u00e8s de divers publics et structures, et je participe \u00e0 quelques spectacles de dessin en direct.<\/p>\n\n\n\n<p><\/p>\n\n\n\n<div style=\"height:100px\" aria-hidden=\"true\" class=\"wp-block-spacer\"><\/div>\n\n\n\n<h5 class=\"wp-block-heading\">BIBLIOGRAPHIE:<\/h5>\n\n\n\n<div style=\"height:47px\" aria-hidden=\"true\" class=\"wp-block-spacer\"><\/div>\n\n\n\n<h6 class=\"wp-block-heading\">Albums BD<\/h6>\n\n\n\n<p><meta charset=\"utf-8\"><\/meta><meta charset=\"utf-8\"><\/meta><\/p>\n\n\n\n<p>&#8211;<a href=\"https:\/\/anjale.fr\/book\/?page_id=1916\" data-type=\"page\" data-id=\"1916\">Outre-m\u00e8res (sc\u00e9nario: Sophie Adriansen) aux \u00e9ditions Vuibert (2024)<\/a><br><a href=\"https:\/\/anjale.fr\/book\/?page_id=1651\">&#8211; <span style=\"color: #33cccc;\"><span style=\"color: #000000;\"><em>Tu sais faire ? <\/em>(sc\u00e9nario: Swann Meralli) aux \u00e9ditions Beurre Sal\u00e9 (2022)\u00a0<\/span><\/span><br><\/a><meta charset=\"utf-8\"><\/meta><a href=\"https:\/\/anjale.fr\/book\/?page_id=640\">&#8211; <span style=\"color: #33cccc;\"><span style=\"color: #000000;\"><em>Le Nombril <\/em>(sc\u00e9nario: Swann Meralli) aux \u00e9ditions Beurre Sal\u00e9 (2022)\u00a0<\/span><\/span><\/a><span style=\"color: #33cccc;\"><span style=\"color: #000000;\"><em><br><meta charset=\"utf-8\"><\/meta><\/em><a href=\"https:\/\/anjale.fr\/book\/?page_id=1645\"><em>&#8211; Dan P\u00e9\u00ef la frai <\/em>aux \u00e9ditions Centre du Monde (2021)<\/a><em><br><meta charset=\"utf-8\"><\/meta><\/em><\/span><a href=\"https:\/\/anjale.fr\/book\/?page_id=1638\"><span style=\"color: #000000;\"><em>&#8211; La Doc&rsquo;, une prof parmi d&rsquo;autres <\/em>\u00a0(sc\u00e9nario: Stef ) aux \u00e9ditions Jarjille (2020)<\/span><br><\/a><span style=\"color: #000000;\"><em><meta charset=\"utf-8\"><\/meta><\/em><a href=\"https:\/\/anjale.fr\/book\/?page_id=1628\"><em>&#8211; Julie et les oiseaux<\/em> (sc\u00e9nario: L\u00e9ah Touitou)\u00a0 aux \u00e9ditions Jarjille (2019)<\/a><\/span><\/span><br><\/p>\n\n\n\n<h6 class=\"wp-block-heading\"><em>Les rues de Lyon<\/em>, L&rsquo;\u00e9picerie S\u00e9quentielle<\/h6>\n\n\n\n<p><meta charset=\"utf-8\">&#8211; N\u00b096 La Nuit aux C\u00e9lestins (<meta charset=\"utf-8\">sc\u00e9nario Jean-Pierre Crauser )<br>&#8211; N\u00b075 Le Menu Lyonnais (avec L\u00e9ah Touitou, Arthur Du Coteau et C\u00e9heu )<br>&#8211; N\u00b053 Lyc\u00e9e Amp\u00e8re, 500 ans d&rsquo;histoires (sc\u00e9nario Simon Iosti)<br>&#8211; N\u00b045 Histoires et l\u00e9gendes de l&rsquo;H\u00f4tel Dieu (sc\u00e9nario Jean-Pierre Crauser)<br>&#8211; N\u00b024 Et Bam ! Guignol, l&rsquo;esprit lyonnais (avec L\u00e9ah Touitou)<\/p>\n\n\n\n<h6 class=\"wp-block-heading\">Ouvrages collectifs<\/h6>\n\n\n\n<p><meta charset=\"utf-8\"><\/meta>&#8211; Le Cri du Margouillat ( N\u00b0 30, 31, 32, 33, 34, 35, 36 ,37, 38)<br><meta charset=\"utf-8\"><\/meta>&#8211; Le Bermuda (N\u00b0 11, 12 )<\/p>\n<\/div><\/div>\n<\/div><\/div>\n\n\n\n<figure class=\"wp-block-gallery has-nested-images columns-5 is-cropped wp-block-gallery-2 is-layout-flex wp-block-gallery-is-layout-flex\">\n<figure class=\"wp-block-image size-medium\"><img loading=\"lazy\" decoding=\"async\" width=\"225\" height=\"300\" data-id=\"1914\" src=\"https:\/\/anjale.fr\/book\/wp-content\/uploads\/2024\/09\/Couverture_Outre-Meres-RVB-225x300.jpg\" alt=\"\" class=\"wp-image-1914\" srcset=\"https:\/\/anjale.fr\/book\/wp-content\/uploads\/2024\/09\/Couverture_Outre-Meres-RVB-225x300.jpg 225w, https:\/\/anjale.fr\/book\/wp-content\/uploads\/2024\/09\/Couverture_Outre-Meres-RVB-768x1023.jpg 768w, https:\/\/anjale.fr\/book\/wp-content\/uploads\/2024\/09\/Couverture_Outre-Meres-RVB-480x640.jpg 480w, https:\/\/anjale.fr\/book\/wp-content\/uploads\/2024\/09\/Couverture_Outre-Meres-RVB.jpg 848w\" sizes=\"(max-width: 225px) 100vw, 225px\" \/><\/figure>\n\n\n\n<figure class=\"wp-block-image size-medium\"><img loading=\"lazy\" decoding=\"async\" width=\"229\" height=\"300\" data-id=\"1652\" src=\"https:\/\/anjale.fr\/book\/wp-content\/uploads\/2022\/11\/COUV_Tu-sais-faire-229x300.jpg\" alt=\"\" class=\"wp-image-1652\" srcset=\"https:\/\/anjale.fr\/book\/wp-content\/uploads\/2022\/11\/COUV_Tu-sais-faire-229x300.jpg 229w, https:\/\/anjale.fr\/book\/wp-content\/uploads\/2022\/11\/COUV_Tu-sais-faire-1024x1339.jpg 1024w, https:\/\/anjale.fr\/book\/wp-content\/uploads\/2022\/11\/COUV_Tu-sais-faire-768x1004.jpg 768w, https:\/\/anjale.fr\/book\/wp-content\/uploads\/2022\/11\/COUV_Tu-sais-faire-1175x1536.jpg 1175w, https:\/\/anjale.fr\/book\/wp-content\/uploads\/2022\/11\/COUV_Tu-sais-faire.jpg 1181w\" sizes=\"(max-width: 229px) 100vw, 229px\" \/><\/figure>\n\n\n\n<figure class=\"wp-block-image size-medium\"><img loading=\"lazy\" decoding=\"async\" width=\"228\" height=\"300\" data-id=\"1293\" src=\"https:\/\/anjale.fr\/book\/wp-content\/uploads\/2020\/08\/CouvertureJule-228x300.jpg\" alt=\"\" class=\"wp-image-1293\" srcset=\"https:\/\/anjale.fr\/book\/wp-content\/uploads\/2020\/08\/CouvertureJule-228x300.jpg 228w, https:\/\/anjale.fr\/book\/wp-content\/uploads\/2020\/08\/CouvertureJule-1024x1350.jpg 1024w, https:\/\/anjale.fr\/book\/wp-content\/uploads\/2020\/08\/CouvertureJule-768x1012.jpg 768w, https:\/\/anjale.fr\/book\/wp-content\/uploads\/2020\/08\/CouvertureJule-1165x1536.jpg 1165w, https:\/\/anjale.fr\/book\/wp-content\/uploads\/2020\/08\/CouvertureJule-1554x2048.jpg 1554w, https:\/\/anjale.fr\/book\/wp-content\/uploads\/2020\/08\/CouvertureJule.jpg 1732w\" sizes=\"(max-width: 228px) 100vw, 228px\" \/><\/figure>\n\n\n\n<figure class=\"wp-block-image size-medium\"><img loading=\"lazy\" decoding=\"async\" width=\"211\" height=\"300\" data-id=\"1297\" src=\"https:\/\/anjale.fr\/book\/wp-content\/uploads\/2020\/08\/couvertureRDL-211x300.jpg\" alt=\"\" class=\"wp-image-1297\" srcset=\"https:\/\/anjale.fr\/book\/wp-content\/uploads\/2020\/08\/couvertureRDL-211x300.jpg 211w, https:\/\/anjale.fr\/book\/wp-content\/uploads\/2020\/08\/couvertureRDL-1024x1453.jpg 1024w, https:\/\/anjale.fr\/book\/wp-content\/uploads\/2020\/08\/couvertureRDL-768x1090.jpg 768w, https:\/\/anjale.fr\/book\/wp-content\/uploads\/2020\/08\/couvertureRDL-1083x1536.jpg 1083w, https:\/\/anjale.fr\/book\/wp-content\/uploads\/2020\/08\/couvertureRDL-1444x2048.jpg 1444w, https:\/\/anjale.fr\/book\/wp-content\/uploads\/2020\/08\/couvertureRDL-scaled.jpg 1804w\" sizes=\"(max-width: 211px) 100vw, 211px\" \/><\/figure>\n\n\n\n<figure class=\"wp-block-image size-medium\"><img loading=\"lazy\" decoding=\"async\" width=\"212\" height=\"300\" data-id=\"1414\" src=\"https:\/\/anjale.fr\/book\/wp-content\/uploads\/2018\/07\/cri-margouillat-34-couv-212x300.jpg\" alt=\"\" class=\"wp-image-1414\" srcset=\"https:\/\/anjale.fr\/book\/wp-content\/uploads\/2018\/07\/cri-margouillat-34-couv-212x300.jpg 212w, https:\/\/anjale.fr\/book\/wp-content\/uploads\/2018\/07\/cri-margouillat-34-couv.jpg 671w\" sizes=\"(max-width: 212px) 100vw, 212px\" \/><\/figure>\n<\/figure>\n\n\n\n<div style=\"height:53px\" aria-hidden=\"true\" class=\"wp-block-spacer\"><\/div>\n","protected":false},"excerpt":{"rendered":"<p>\u00c0 PROPOS Je suis n\u00e9e et j&rsquo;ai grandi \u00e0 L\u2019\u00eele de la R\u00e9union. Je me suis install\u00e9e \u00e0 Lyon en 2009 pour me former \u00e0 l\u2019\u00c9cole \u00c9mile Cohl. En parall\u00e8le de mes albums et projets BD, j&rsquo;anime r\u00e9guli\u00e8rement des ateliers de Bande Dessin\u00e9e aupr\u00e8s de divers publics et structures, et je participe \u00e0 quelques spectacles [&hellip;]<\/p>\n","protected":false},"author":1,"featured_media":0,"parent":0,"menu_order":0,"comment_status":"closed","ping_status":"open","template":"","meta":{"footnotes":""},"class_list":["post-23","page","type-page","status-publish","hentry"],"_links":{"self":[{"href":"https:\/\/anjale.fr\/book\/index.php?rest_route=\/wp\/v2\/pages\/23"}],"collection":[{"href":"https:\/\/anjale.fr\/book\/index.php?rest_route=\/wp\/v2\/pages"}],"about":[{"href":"https:\/\/anjale.fr\/book\/index.php?rest_route=\/wp\/v2\/types\/page"}],"author":[{"embeddable":true,"href":"https:\/\/anjale.fr\/book\/index.php?rest_route=\/wp\/v2\/users\/1"}],"replies":[{"embeddable":true,"href":"https:\/\/anjale.fr\/book\/index.php?rest_route=%2Fwp%2Fv2%2Fcomments&post=23"}],"version-history":[{"count":89,"href":"https:\/\/anjale.fr\/book\/index.php?rest_route=\/wp\/v2\/pages\/23\/revisions"}],"predecessor-version":[{"id":2171,"href":"https:\/\/anjale.fr\/book\/index.php?rest_route=\/wp\/v2\/pages\/23\/revisions\/2171"}],"wp:attachment":[{"href":"https:\/\/anjale.fr\/book\/index.php?rest_route=%2Fwp%2Fv2%2Fmedia&parent=23"}],"curies":[{"name":"wp","href":"https:\/\/api.w.org\/{rel}","templated":true}]}}