{"id":1916,"date":"2024-09-16T15:07:11","date_gmt":"2024-09-16T13:07:11","guid":{"rendered":"https:\/\/anjale.fr\/book\/?page_id=1916"},"modified":"2025-08-11T14:26:09","modified_gmt":"2025-08-11T12:26:09","slug":"outre-meres","status":"publish","type":"page","link":"https:\/\/anjale.fr\/book\/?page_id=1916","title":{"rendered":"Outre-M\u00e8res"},"content":{"rendered":"\n<h4 class=\"wp-block-heading\">Outre-m\u00e8res <br><\/h4>\n\n\n\n<p>le scandale des avortements forc\u00e9s \u00e0 La R\u00e9union<\/p>\n\n\n\n<div style=\"height:48px\" aria-hidden=\"true\" class=\"wp-block-spacer\"><\/div>\n\n\n\n<div class=\"wp-block-media-text is-stacked-on-mobile\" style=\"grid-template-columns:40% auto\"><figure class=\"wp-block-media-text__media\"><img loading=\"lazy\" decoding=\"async\" width=\"848\" height=\"1130\" src=\"https:\/\/anjale.fr\/book\/wp-content\/uploads\/2024\/09\/Couverture_Outre-Meres-RVB.jpg\" alt=\"\" class=\"wp-image-1914 size-full\" srcset=\"https:\/\/anjale.fr\/book\/wp-content\/uploads\/2024\/09\/Couverture_Outre-Meres-RVB.jpg 848w, https:\/\/anjale.fr\/book\/wp-content\/uploads\/2024\/09\/Couverture_Outre-Meres-RVB-225x300.jpg 225w, https:\/\/anjale.fr\/book\/wp-content\/uploads\/2024\/09\/Couverture_Outre-Meres-RVB-768x1023.jpg 768w, https:\/\/anjale.fr\/book\/wp-content\/uploads\/2024\/09\/Couverture_Outre-Meres-RVB-480x640.jpg 480w\" sizes=\"(max-width: 848px) 100vw, 848px\" \/><\/figure><div class=\"wp-block-media-text__content\">\n<p>sc\u00e9nario : Sophie Adriansen<br>\u00c9ditions Vuibert<\/p>\n\n\n\n<p><strong>L\u2019histoire vraie<br>d\u2019un scandale totalement oubli\u00e9<\/strong><\/p>\n\n\n\n<p>D\u00e9but 1970, \u00e0 La R\u00e9union, Lucie est victime, comme des milliers d\u2019autres femmes, d\u2019une interruption de grossesse forc\u00e9e, assortie d\u2019une st\u00e9rilisation. Sur l\u2019\u00eele, les m\u00e9decins blancs se croient tout permis, avec la complicit\u00e9 de la S\u00e9curit\u00e9 sociale. Lucie prend son courage \u00e0 deux mains et porte plainte.<\/p>\n\n\n\n<p>Au m\u00eame moment, dans l\u2019Hexagone, Marie-Anne, \u00e9l\u00e8ve de terminale, assiste \u00e0 la naissance du Mouvement de lib\u00e9ration des femmes (MLF) et aux premiers d\u00e9bats sur l\u2019IVG. Elle a elle-m\u00eame avort\u00e9 clandesti- nement quelques mois auparavant.<\/p>\n\n\n\n<p>Leurs destins crois\u00e9s t\u00e9moignent des difficult\u00e9s et des paradoxes extr\u00eames de la lutte men\u00e9e par les femmes, en France, pour disposer de leur corps.<\/p>\n\n\n\n<p><\/p>\n\n\n\n<p>Parution: Ocotbre 2024<br>ISBN&nbsp;: 978-2-311-15084-1<\/p>\n\n\n\n<p><\/p>\n<\/div><\/div>\n\n\n\n<div class=\"wp-block-group\"><div class=\"wp-block-group__inner-container is-layout-constrained wp-block-group-is-layout-constrained\">\n<div class=\"wp-block-columns is-layout-flex wp-container-core-columns-is-layout-1 wp-block-columns-is-layout-flex\">\n<div class=\"wp-block-column is-layout-flow wp-block-column-is-layout-flow\" style=\"flex-basis:100%\">\n<figure class=\"wp-block-gallery has-nested-images columns-default is-cropped wp-block-gallery-1 is-layout-flex wp-block-gallery-is-layout-flex\">\n<figure class=\"wp-block-image size-large\"><img loading=\"lazy\" decoding=\"async\" width=\"1024\" height=\"1378\" src=\"https:\/\/anjale.fr\/book\/wp-content\/uploads\/2025\/08\/Outre-Meres_P23-1-1024x1378.jpg\" alt=\"\" class=\"wp-image-2039\" srcset=\"https:\/\/anjale.fr\/book\/wp-content\/uploads\/2025\/08\/Outre-Meres_P23-1-1024x1378.jpg 1024w, https:\/\/anjale.fr\/book\/wp-content\/uploads\/2025\/08\/Outre-Meres_P23-1-223x300.jpg 223w, https:\/\/anjale.fr\/book\/wp-content\/uploads\/2025\/08\/Outre-Meres_P23-1-768x1033.jpg 768w, https:\/\/anjale.fr\/book\/wp-content\/uploads\/2025\/08\/Outre-Meres_P23-1-1142x1536.jpg 1142w, https:\/\/anjale.fr\/book\/wp-content\/uploads\/2025\/08\/Outre-Meres_P23-1.jpg 1343w\" sizes=\"(max-width: 1024px) 100vw, 1024px\" \/><\/figure>\n\n\n\n<figure class=\"wp-block-image size-large\"><img loading=\"lazy\" decoding=\"async\" width=\"1024\" height=\"1416\" src=\"https:\/\/anjale.fr\/book\/wp-content\/uploads\/2025\/08\/Extrait-P56-1024x1416.jpg\" alt=\"\" class=\"wp-image-2038\" srcset=\"https:\/\/anjale.fr\/book\/wp-content\/uploads\/2025\/08\/Extrait-P56-1024x1416.jpg 1024w, https:\/\/anjale.fr\/book\/wp-content\/uploads\/2025\/08\/Extrait-P56-217x300.jpg 217w, https:\/\/anjale.fr\/book\/wp-content\/uploads\/2025\/08\/Extrait-P56-768x1062.jpg 768w, https:\/\/anjale.fr\/book\/wp-content\/uploads\/2025\/08\/Extrait-P56-1111x1536.jpg 1111w, https:\/\/anjale.fr\/book\/wp-content\/uploads\/2025\/08\/Extrait-P56-1481x2048.jpg 1481w, https:\/\/anjale.fr\/book\/wp-content\/uploads\/2025\/08\/Extrait-P56.jpg 1772w\" sizes=\"(max-width: 1024px) 100vw, 1024px\" \/><\/figure>\n\n\n\n<figure class=\"wp-block-image size-large\"><img loading=\"lazy\" decoding=\"async\" width=\"1024\" height=\"1387\" src=\"https:\/\/anjale.fr\/book\/wp-content\/uploads\/2025\/08\/ExtraitP45-1024x1387.jpg\" alt=\"\" class=\"wp-image-2040\" srcset=\"https:\/\/anjale.fr\/book\/wp-content\/uploads\/2025\/08\/ExtraitP45-1024x1387.jpg 1024w, https:\/\/anjale.fr\/book\/wp-content\/uploads\/2025\/08\/ExtraitP45-222x300.jpg 222w, https:\/\/anjale.fr\/book\/wp-content\/uploads\/2025\/08\/ExtraitP45-768x1040.jpg 768w, https:\/\/anjale.fr\/book\/wp-content\/uploads\/2025\/08\/ExtraitP45-1134x1536.jpg 1134w, https:\/\/anjale.fr\/book\/wp-content\/uploads\/2025\/08\/ExtraitP45-1512x2048.jpg 1512w, https:\/\/anjale.fr\/book\/wp-content\/uploads\/2025\/08\/ExtraitP45.jpg 1772w\" sizes=\"(max-width: 1024px) 100vw, 1024px\" \/><\/figure>\n<\/figure>\n<\/div>\n<\/div>\n<\/div><\/div>\n\n\n\n<p><\/p>\n","protected":false},"excerpt":{"rendered":"<p>Outre-m\u00e8res le scandale des avortements forc\u00e9s \u00e0 La R\u00e9union sc\u00e9nario : Sophie Adriansen\u00c9ditions Vuibert L\u2019histoire vraied\u2019un scandale totalement oubli\u00e9 D\u00e9but 1970, \u00e0 La R\u00e9union, Lucie est victime, comme des milliers d\u2019autres femmes, d\u2019une interruption de grossesse forc\u00e9e, assortie d\u2019une st\u00e9rilisation. Sur l\u2019\u00eele, les m\u00e9decins blancs se croient tout permis, avec la complicit\u00e9 de la S\u00e9curit\u00e9 [&hellip;]<\/p>\n","protected":false},"author":1,"featured_media":0,"parent":0,"menu_order":0,"comment_status":"closed","ping_status":"closed","template":"","meta":{"footnotes":""},"class_list":["post-1916","page","type-page","status-publish","hentry"],"_links":{"self":[{"href":"https:\/\/anjale.fr\/book\/index.php?rest_route=\/wp\/v2\/pages\/1916"}],"collection":[{"href":"https:\/\/anjale.fr\/book\/index.php?rest_route=\/wp\/v2\/pages"}],"about":[{"href":"https:\/\/anjale.fr\/book\/index.php?rest_route=\/wp\/v2\/types\/page"}],"author":[{"embeddable":true,"href":"https:\/\/anjale.fr\/book\/index.php?rest_route=\/wp\/v2\/users\/1"}],"replies":[{"embeddable":true,"href":"https:\/\/anjale.fr\/book\/index.php?rest_route=%2Fwp%2Fv2%2Fcomments&post=1916"}],"version-history":[{"count":9,"href":"https:\/\/anjale.fr\/book\/index.php?rest_route=\/wp\/v2\/pages\/1916\/revisions"}],"predecessor-version":[{"id":2041,"href":"https:\/\/anjale.fr\/book\/index.php?rest_route=\/wp\/v2\/pages\/1916\/revisions\/2041"}],"wp:attachment":[{"href":"https:\/\/anjale.fr\/book\/index.php?rest_route=%2Fwp%2Fv2%2Fmedia&parent=1916"}],"curies":[{"name":"wp","href":"https:\/\/api.w.org\/{rel}","templated":true}]}}