{"id":1645,"date":"2022-11-04T17:08:19","date_gmt":"2022-11-04T16:08:19","guid":{"rendered":"https:\/\/anjale.fr\/book\/?page_id=1645"},"modified":"2022-11-04T17:08:20","modified_gmt":"2022-11-04T16:08:20","slug":"dan-pei-la-frai","status":"publish","type":"page","link":"https:\/\/anjale.fr\/book\/?page_id=1645","title":{"rendered":"Dan P\u00e9i La Frai"},"content":{"rendered":"\n<h4 class=\"wp-block-heading\">Dan P\u00e9i La Frai<\/h4>\n\n\n\n<div style=\"height:20px\" aria-hidden=\"true\" class=\"wp-block-spacer\"><\/div>\n\n\n\n<div class=\"wp-block-media-text alignwide is-stacked-on-mobile\" style=\"grid-template-columns:48% auto\"><figure class=\"wp-block-media-text__media\"><img loading=\"lazy\" decoding=\"async\" width=\"1024\" height=\"801\" src=\"https:\/\/anjale.fr\/book\/wp-content\/uploads\/2018\/06\/Promo-DPLF-1-1024x801.jpg\" alt=\"\" class=\"wp-image-1410 size-full\" srcset=\"https:\/\/anjale.fr\/book\/wp-content\/uploads\/2018\/06\/Promo-DPLF-1-1024x801.jpg 1024w, https:\/\/anjale.fr\/book\/wp-content\/uploads\/2018\/06\/Promo-DPLF-1-300x235.jpg 300w, https:\/\/anjale.fr\/book\/wp-content\/uploads\/2018\/06\/Promo-DPLF-1-768x601.jpg 768w, https:\/\/anjale.fr\/book\/wp-content\/uploads\/2018\/06\/Promo-DPLF-1.jpg 1402w\" sizes=\"(max-width: 1024px) 100vw, 1024px\" \/><\/figure><div class=\"wp-block-media-text__content\">\n<p class=\"has-normal-font-size\">Editions Centre du Monde<br><br>\u00ab\u00a0De quoi est fait le quotidien d\u2019une jeune R\u00e9unionnaise partie \u00e9tudier en m\u00e9tropole ?<br><em>Dan P\u00e9\u00ef la Frai<\/em>\u00a0nous plonge, avec humour et douceur, dans la vie d\u2019une \u00e9tudiante cr\u00e9ole exil\u00e9e \u00e0 10 000 km de son \u00eele.<br>L\u2019\u00e9loignement, le climat hivernal, les diff\u00e9rences culinaires et culturelles\u2026<br>C\u2019est une aventure pleine de d\u00e9couvertes et de surprises qui l\u2019attend.\u00a0\u00bb<\/p>\n\n\n\n<p><\/p>\n\n\n\n<p>Parution : Mai 2020<br>ISBN :978-2-912013-41-5<\/p>\n<\/div><\/div>\n\n\n\n<div style=\"height:20px\" aria-hidden=\"true\" class=\"wp-block-spacer\"><\/div>\n\n\n\n<div class=\"wp-block-group\"><div class=\"wp-block-group__inner-container is-layout-flow wp-block-group-is-layout-flow\">\n<div class=\"wp-block-columns is-layout-flex wp-container-core-columns-is-layout-1 wp-block-columns-is-layout-flex\">\n<div class=\"wp-block-column is-layout-flow wp-block-column-is-layout-flow\" style=\"flex-basis:100%\">\n<figure class=\"wp-block-gallery columns-3 wp-block-gallery-1 is-layout-flex wp-block-gallery-is-layout-flex\"><ul class=\"blocks-gallery-grid\"><li class=\"blocks-gallery-item\"><figure><img loading=\"lazy\" decoding=\"async\" width=\"300\" height=\"214\" src=\"https:\/\/anjale.fr\/book\/wp-content\/uploads\/2018\/06\/DPLF_47-300x214.jpg\" alt=\"\" data-id=\"1409\" data-full-url=\"https:\/\/anjale.fr\/book\/wp-content\/uploads\/2018\/06\/DPLF_47.jpg\" data-link=\"https:\/\/anjale.fr\/book\/?attachment_id=1409#main\" class=\"wp-image-1409\" srcset=\"https:\/\/anjale.fr\/book\/wp-content\/uploads\/2018\/06\/DPLF_47-300x214.jpg 300w, https:\/\/anjale.fr\/book\/wp-content\/uploads\/2018\/06\/DPLF_47-1024x731.jpg 1024w, https:\/\/anjale.fr\/book\/wp-content\/uploads\/2018\/06\/DPLF_47-768x548.jpg 768w, https:\/\/anjale.fr\/book\/wp-content\/uploads\/2018\/06\/DPLF_47-1536x1097.jpg 1536w, https:\/\/anjale.fr\/book\/wp-content\/uploads\/2018\/06\/DPLF_47.jpg 1654w\" sizes=\"(max-width: 300px) 100vw, 300px\" \/><\/figure><\/li><li class=\"blocks-gallery-item\"><figure><img loading=\"lazy\" decoding=\"async\" width=\"300\" height=\"214\" src=\"https:\/\/anjale.fr\/book\/wp-content\/uploads\/2018\/06\/DPLF_25-300x214.jpg\" alt=\"\" data-id=\"1408\" data-full-url=\"https:\/\/anjale.fr\/book\/wp-content\/uploads\/2018\/06\/DPLF_25-scaled.jpg\" data-link=\"https:\/\/anjale.fr\/book\/?attachment_id=1408#main\" class=\"wp-image-1408\" srcset=\"https:\/\/anjale.fr\/book\/wp-content\/uploads\/2018\/06\/DPLF_25-300x214.jpg 300w, https:\/\/anjale.fr\/book\/wp-content\/uploads\/2018\/06\/DPLF_25-1024x731.jpg 1024w, https:\/\/anjale.fr\/book\/wp-content\/uploads\/2018\/06\/DPLF_25-768x548.jpg 768w, https:\/\/anjale.fr\/book\/wp-content\/uploads\/2018\/06\/DPLF_25-1536x1097.jpg 1536w, https:\/\/anjale.fr\/book\/wp-content\/uploads\/2018\/06\/DPLF_25-2048x1463.jpg 2048w\" sizes=\"(max-width: 300px) 100vw, 300px\" \/><\/figure><\/li><li class=\"blocks-gallery-item\"><figure><img loading=\"lazy\" decoding=\"async\" width=\"300\" height=\"214\" src=\"https:\/\/anjale.fr\/book\/wp-content\/uploads\/2018\/06\/DPLF_08-300x214.jpg\" alt=\"\" data-id=\"1407\" data-full-url=\"https:\/\/anjale.fr\/book\/wp-content\/uploads\/2018\/06\/DPLF_08.jpg\" data-link=\"https:\/\/anjale.fr\/book\/?attachment_id=1407#main\" class=\"wp-image-1407\" srcset=\"https:\/\/anjale.fr\/book\/wp-content\/uploads\/2018\/06\/DPLF_08-300x214.jpg 300w, https:\/\/anjale.fr\/book\/wp-content\/uploads\/2018\/06\/DPLF_08-1024x731.jpg 1024w, https:\/\/anjale.fr\/book\/wp-content\/uploads\/2018\/06\/DPLF_08-768x548.jpg 768w, https:\/\/anjale.fr\/book\/wp-content\/uploads\/2018\/06\/DPLF_08-1536x1097.jpg 1536w, https:\/\/anjale.fr\/book\/wp-content\/uploads\/2018\/06\/DPLF_08.jpg 1654w\" sizes=\"(max-width: 300px) 100vw, 300px\" \/><\/figure><\/li><li class=\"blocks-gallery-item\"><figure><img loading=\"lazy\" decoding=\"async\" width=\"300\" height=\"214\" src=\"https:\/\/anjale.fr\/book\/wp-content\/uploads\/2018\/06\/DPLF_01-300x214.jpg\" alt=\"\" data-id=\"1406\" data-full-url=\"https:\/\/anjale.fr\/book\/wp-content\/uploads\/2018\/06\/DPLF_01.jpg\" data-link=\"https:\/\/anjale.fr\/book\/?attachment_id=1406#main\" class=\"wp-image-1406\" srcset=\"https:\/\/anjale.fr\/book\/wp-content\/uploads\/2018\/06\/DPLF_01-300x214.jpg 300w, https:\/\/anjale.fr\/book\/wp-content\/uploads\/2018\/06\/DPLF_01-1024x731.jpg 1024w, https:\/\/anjale.fr\/book\/wp-content\/uploads\/2018\/06\/DPLF_01-768x548.jpg 768w, https:\/\/anjale.fr\/book\/wp-content\/uploads\/2018\/06\/DPLF_01-1536x1097.jpg 1536w, https:\/\/anjale.fr\/book\/wp-content\/uploads\/2018\/06\/DPLF_01.jpg 1654w\" sizes=\"(max-width: 300px) 100vw, 300px\" \/><\/figure><\/li><\/ul><\/figure>\n<\/div>\n<\/div>\n<\/div><\/div>\n","protected":false},"excerpt":{"rendered":"<p>Dan P\u00e9i La Frai Editions Centre du Monde \u00ab\u00a0De quoi est fait le quotidien d\u2019une jeune R\u00e9unionnaise partie \u00e9tudier en m\u00e9tropole ?Dan P\u00e9\u00ef la Frai\u00a0nous plonge, avec humour et douceur, dans la vie d\u2019une \u00e9tudiante cr\u00e9ole exil\u00e9e \u00e0 10 000 km de son \u00eele.L\u2019\u00e9loignement, le climat hivernal, les diff\u00e9rences culinaires et culturelles\u2026C\u2019est une aventure pleine [&hellip;]<\/p>\n","protected":false},"author":1,"featured_media":0,"parent":0,"menu_order":0,"comment_status":"closed","ping_status":"closed","template":"","meta":{"footnotes":""},"class_list":["post-1645","page","type-page","status-publish","hentry"],"_links":{"self":[{"href":"https:\/\/anjale.fr\/book\/index.php?rest_route=\/wp\/v2\/pages\/1645"}],"collection":[{"href":"https:\/\/anjale.fr\/book\/index.php?rest_route=\/wp\/v2\/pages"}],"about":[{"href":"https:\/\/anjale.fr\/book\/index.php?rest_route=\/wp\/v2\/types\/page"}],"author":[{"embeddable":true,"href":"https:\/\/anjale.fr\/book\/index.php?rest_route=\/wp\/v2\/users\/1"}],"replies":[{"embeddable":true,"href":"https:\/\/anjale.fr\/book\/index.php?rest_route=%2Fwp%2Fv2%2Fcomments&post=1645"}],"version-history":[{"count":5,"href":"https:\/\/anjale.fr\/book\/index.php?rest_route=\/wp\/v2\/pages\/1645\/revisions"}],"predecessor-version":[{"id":1650,"href":"https:\/\/anjale.fr\/book\/index.php?rest_route=\/wp\/v2\/pages\/1645\/revisions\/1650"}],"wp:attachment":[{"href":"https:\/\/anjale.fr\/book\/index.php?rest_route=%2Fwp%2Fv2%2Fmedia&parent=1645"}],"curies":[{"name":"wp","href":"https:\/\/api.w.org\/{rel}","templated":true}]}}