{"id":1628,"date":"2022-11-04T16:43:51","date_gmt":"2022-11-04T15:43:51","guid":{"rendered":"https:\/\/anjale.fr\/book\/?page_id=1628"},"modified":"2022-11-04T16:53:08","modified_gmt":"2022-11-04T15:53:08","slug":"julie-et-les-oiseaux","status":"publish","type":"page","link":"https:\/\/anjale.fr\/book\/?page_id=1628","title":{"rendered":"Julie et les oiseaux"},"content":{"rendered":"\n<h4 class=\"wp-block-heading\">Julie et les oiseaux<\/h4>\n\n\n\n<div style=\"height:20px\" aria-hidden=\"true\" class=\"wp-block-spacer\"><\/div>\n\n\n\n<div class=\"wp-block-media-text alignwide is-stacked-on-mobile\" style=\"grid-template-columns:29% auto\"><figure class=\"wp-block-media-text__media\"><img loading=\"lazy\" decoding=\"async\" width=\"700\" height=\"923\" src=\"https:\/\/anjale.fr\/book\/wp-content\/uploads\/2019\/09\/Julie-et-les-oiseaux.jpg\" alt=\"\" class=\"wp-image-1040 size-full\" srcset=\"https:\/\/anjale.fr\/book\/wp-content\/uploads\/2019\/09\/Julie-et-les-oiseaux.jpg 700w, https:\/\/anjale.fr\/book\/wp-content\/uploads\/2019\/09\/Julie-et-les-oiseaux-228x300.jpg 228w\" sizes=\"(max-width: 700px) 100vw, 700px\" \/><\/figure><div class=\"wp-block-media-text__content\">\n<p class=\"has-normal-font-size\">Sc\u00e9nario : L\u00e9ah Touitou<br>Editions Jarjille<br><br>\u00ab\u00a0Julie est la plus forte en mots-pourris. Elle en conna\u00eet jusqu\u2019\u00e0 l\u2019infini. A l\u2018\u00e9cole elle en a dit un g\u00e9ant \u00e0 Pierre-Henri. C\u2019est lui qui avait commenc\u00e9 \u00e0 l\u2019emb\u00eater, mais c\u2019est elle qui a \u00e9t\u00e9 punie toute l\u2019apr\u00e8s-midi. C\u2019est pas juste ! Tr\u00e8s tr\u00e8s f\u00e2ch\u00e9e par cette injustice, Julie va retrouver l\u2019\u00e9pici\u00e8re Mme Safi.\u00a0\u00bb<br><br>De 6 \u00e0 9 ans<br>32 pages<\/p>\n<\/div><\/div>\n\n\n\n<p>Parution : f\u00e9vrier 2019<br><em>ISBN 978-2-918658-76-4<\/em><\/p>\n\n\n\n<figure class=\"wp-block-gallery columns-3 is-cropped wp-block-gallery-1 is-layout-flex wp-block-gallery-is-layout-flex\"><ul class=\"blocks-gallery-grid\"><li class=\"blocks-gallery-item\"><figure><img loading=\"lazy\" decoding=\"async\" width=\"700\" height=\"914\" src=\"https:\/\/anjale.fr\/book\/wp-content\/uploads\/2019\/09\/Julie2.jpg\" alt=\"\" data-id=\"1042\" data-full-url=\"https:\/\/anjale.fr\/book\/wp-content\/uploads\/2019\/09\/Julie2.jpg\" data-link=\"https:\/\/anjale.fr\/book\/?attachment_id=1042#main\" class=\"wp-image-1042\" srcset=\"https:\/\/anjale.fr\/book\/wp-content\/uploads\/2019\/09\/Julie2.jpg 700w, https:\/\/anjale.fr\/book\/wp-content\/uploads\/2019\/09\/Julie2-230x300.jpg 230w\" sizes=\"(max-width: 700px) 100vw, 700px\" \/><\/figure><\/li><li class=\"blocks-gallery-item\"><figure><img loading=\"lazy\" decoding=\"async\" width=\"700\" height=\"914\" src=\"https:\/\/anjale.fr\/book\/wp-content\/uploads\/2019\/09\/Julie03.jpg\" alt=\"\" data-id=\"1043\" data-full-url=\"https:\/\/anjale.fr\/book\/wp-content\/uploads\/2019\/09\/Julie03.jpg\" data-link=\"https:\/\/anjale.fr\/book\/?attachment_id=1043#main\" class=\"wp-image-1043\" srcset=\"https:\/\/anjale.fr\/book\/wp-content\/uploads\/2019\/09\/Julie03.jpg 700w, https:\/\/anjale.fr\/book\/wp-content\/uploads\/2019\/09\/Julie03-230x300.jpg 230w\" sizes=\"(max-width: 700px) 100vw, 700px\" \/><\/figure><\/li><li class=\"blocks-gallery-item\"><figure><img loading=\"lazy\" decoding=\"async\" width=\"700\" height=\"914\" src=\"https:\/\/anjale.fr\/book\/wp-content\/uploads\/2019\/09\/Julie_08.jpg\" alt=\"\" data-id=\"1044\" data-full-url=\"https:\/\/anjale.fr\/book\/wp-content\/uploads\/2019\/09\/Julie_08.jpg\" data-link=\"https:\/\/anjale.fr\/book\/?attachment_id=1044#main\" class=\"wp-image-1044\" srcset=\"https:\/\/anjale.fr\/book\/wp-content\/uploads\/2019\/09\/Julie_08.jpg 700w, https:\/\/anjale.fr\/book\/wp-content\/uploads\/2019\/09\/Julie_08-230x300.jpg 230w\" sizes=\"(max-width: 700px) 100vw, 700px\" \/><\/figure><\/li><\/ul><\/figure>\n","protected":false},"excerpt":{"rendered":"<p>Julie et les oiseaux Sc\u00e9nario : L\u00e9ah TouitouEditions Jarjille \u00ab\u00a0Julie est la plus forte en mots-pourris. Elle en conna\u00eet jusqu\u2019\u00e0 l\u2019infini. A l\u2018\u00e9cole elle en a dit un g\u00e9ant \u00e0 Pierre-Henri. C\u2019est lui qui avait commenc\u00e9 \u00e0 l\u2019emb\u00eater, mais c\u2019est elle qui a \u00e9t\u00e9 punie toute l\u2019apr\u00e8s-midi. C\u2019est pas juste ! Tr\u00e8s tr\u00e8s f\u00e2ch\u00e9e par [&hellip;]<\/p>\n","protected":false},"author":1,"featured_media":0,"parent":0,"menu_order":0,"comment_status":"closed","ping_status":"closed","template":"","meta":{"footnotes":""},"class_list":["post-1628","page","type-page","status-publish","hentry"],"_links":{"self":[{"href":"https:\/\/anjale.fr\/book\/index.php?rest_route=\/wp\/v2\/pages\/1628"}],"collection":[{"href":"https:\/\/anjale.fr\/book\/index.php?rest_route=\/wp\/v2\/pages"}],"about":[{"href":"https:\/\/anjale.fr\/book\/index.php?rest_route=\/wp\/v2\/types\/page"}],"author":[{"embeddable":true,"href":"https:\/\/anjale.fr\/book\/index.php?rest_route=\/wp\/v2\/users\/1"}],"replies":[{"embeddable":true,"href":"https:\/\/anjale.fr\/book\/index.php?rest_route=%2Fwp%2Fv2%2Fcomments&post=1628"}],"version-history":[{"count":6,"href":"https:\/\/anjale.fr\/book\/index.php?rest_route=\/wp\/v2\/pages\/1628\/revisions"}],"predecessor-version":[{"id":1637,"href":"https:\/\/anjale.fr\/book\/index.php?rest_route=\/wp\/v2\/pages\/1628\/revisions\/1637"}],"wp:attachment":[{"href":"https:\/\/anjale.fr\/book\/index.php?rest_route=%2Fwp%2Fv2%2Fmedia&parent=1628"}],"curies":[{"name":"wp","href":"https:\/\/api.w.org\/{rel}","templated":true}]}}